{"id":3810,"date":"2019-10-31T17:27:27","date_gmt":"2019-10-31T14:27:27","guid":{"rendered":"https:\/\/staging.penguen.ist\/home\/"},"modified":"2024-03-22T15:45:50","modified_gmt":"2024-03-22T12:45:50","slug":"home","status":"publish","type":"page","link":"https:\/\/www.penguen.ist\/en\/","title":{"rendered":"Home"},"content":{"rendered":"\n\n\n\n<\/p>\n\n\n\n","protected":false},"excerpt":{"rendered":"","protected":false},"author":1,"featured_media":0,"parent":0,"menu_order":0,"comment_status":"open","ping_status":"closed","template":"","meta":{"footnotes":""},"yoast_head":"<!-- This site is optimized with the Yoast SEO plugin v23.5 - https:\/\/yoast.com\/wordpress\/plugins\/seo\/ -->\n<title>Penguen | Digital Transformation for Construction Projects<\/title>\n<meta name=\"description\" content=\"Since 2010 we, Penguen, have enabled Turkish employers and main contractors to be competitive by digitizing over 40 construction and engineering projects in 11 countries.\" \/>\n<meta name=\"robots\" content=\"index, follow, max-snippet:-1, max-image-preview:large, max-video-preview:-1\" \/>\n<link rel=\"canonical\" href=\"https:\/\/www.penguen.ist\/en\/\" \/>\n<meta property=\"og:locale\" content=\"en_US\" \/>\n<meta property=\"og:type\" content=\"article\" \/>\n<meta property=\"og:title\" content=\"Penguen | Digital Transformation for Construction Projects\" \/>\n<meta property=\"og:description\" content=\"Since 2010 we, Penguen, have enabled Turkish employers and main contractors to be competitive by digitizing over 40 construction and engineering projects in 11 countries.\" \/>\n<meta property=\"og:url\" content=\"https:\/\/www.penguen.ist\/en\/\" \/>\n<meta property=\"og:site_name\" content=\"Penguen\" \/>\n<meta property=\"article:publisher\" content=\"https:\/\/www.facebook.com\/penguenbilisimltd\" \/>\n<meta property=\"article:modified_time\" content=\"2024-03-22T12:45:50+00:00\" \/>\n<meta name=\"twitter:card\" content=\"summary_large_image\" \/>\n<meta name=\"twitter:site\" content=\"@penguen_bilisim\" \/>\n<meta name=\"twitter:label1\" content=\"Est. reading time\" \/>\n\t<meta name=\"twitter:data1\" content=\"18 minutes\" \/>\n<script type=\"application\/ld+json\" class=\"yoast-schema-graph\">{\"@context\":\"https:\/\/schema.org\",\"@graph\":[{\"@type\":\"WebPage\",\"@id\":\"https:\/\/www.penguen.ist\/en\/\",\"url\":\"https:\/\/www.penguen.ist\/en\/\",\"name\":\"Penguen | Digital Transformation for Construction Projects\",\"isPartOf\":{\"@id\":\"https:\/\/www.penguen.ist\/#website\"},\"datePublished\":\"2019-10-31T14:27:27+00:00\",\"dateModified\":\"2024-03-22T12:45:50+00:00\",\"description\":\"Since 2010 we, Penguen, have enabled Turkish employers and main contractors to be competitive by digitizing over 40 construction and engineering projects in 11 countries.\",\"breadcrumb\":{\"@id\":\"https:\/\/www.penguen.ist\/en\/#breadcrumb\"},\"inLanguage\":\"en-US\",\"potentialAction\":[{\"@type\":\"ReadAction\",\"target\":[\"https:\/\/www.penguen.ist\/en\/\"]}]},{\"@type\":\"BreadcrumbList\",\"@id\":\"https:\/\/www.penguen.ist\/en\/#breadcrumb\",\"itemListElement\":[{\"@type\":\"ListItem\",\"position\":1,\"name\":\"Ana sayfa\",\"item\":\"https:\/\/www.penguen.ist\/en\/\"},{\"@type\":\"ListItem\",\"position\":2,\"name\":\"Home\"}]},{\"@type\":\"WebSite\",\"@id\":\"https:\/\/www.penguen.ist\/#website\",\"url\":\"https:\/\/www.penguen.ist\/\",\"name\":\"Penguen\",\"description\":\"Digital Transformation for Construction Projects\",\"publisher\":{\"@id\":\"https:\/\/www.penguen.ist\/#organization\"},\"potentialAction\":[{\"@type\":\"SearchAction\",\"target\":{\"@type\":\"EntryPoint\",\"urlTemplate\":\"https:\/\/www.penguen.ist\/?s={search_term_string}\"},\"query-input\":{\"@type\":\"PropertyValueSpecification\",\"valueRequired\":true,\"valueName\":\"search_term_string\"}}],\"inLanguage\":\"en-US\"},{\"@type\":\"Organization\",\"@id\":\"https:\/\/www.penguen.ist\/#organization\",\"name\":\"Penguen Bili\u015fim Dan\u0131\u015fmanl\u0131k\",\"url\":\"https:\/\/www.penguen.ist\/\",\"logo\":{\"@type\":\"ImageObject\",\"inLanguage\":\"en-US\",\"@id\":\"https:\/\/www.penguen.ist\/#\/schema\/logo\/image\/\",\"url\":\"https:\/\/www.penguen.ist\/wp-content\/uploads\/2018\/12\/logodark.png\",\"contentUrl\":\"https:\/\/www.penguen.ist\/wp-content\/uploads\/2018\/12\/logodark.png\",\"width\":500,\"height\":203,\"caption\":\"Penguen Bili\u015fim Dan\u0131\u015fmanl\u0131k\"},\"image\":{\"@id\":\"https:\/\/www.penguen.ist\/#\/schema\/logo\/image\/\"},\"sameAs\":[\"https:\/\/www.facebook.com\/penguenbilisimltd\",\"https:\/\/x.com\/penguen_bilisim\",\"https:\/\/www.instagram.com\/penguenbilisim\/\",\"https:\/\/www.linkedin.com\/company\/penguenbilisim\",\"https:\/\/www.youtube.com\/channel\/UCvnapIYjbFzmqX209Xaujlg\"]}]}<\/script>\n<!-- \/ Yoast SEO plugin. -->","yoast_head_json":{"title":"Penguen | Digital Transformation for Construction Projects","description":"Since 2010 we, Penguen, have enabled Turkish employers and main contractors to be competitive by digitizing over 40 construction and engineering projects in 11 countries.","robots":{"index":"index","follow":"follow","max-snippet":"max-snippet:-1","max-image-preview":"max-image-preview:large","max-video-preview":"max-video-preview:-1"},"canonical":"https:\/\/www.penguen.ist\/en\/","og_locale":"en_US","og_type":"article","og_title":"Penguen | Digital Transformation for Construction Projects","og_description":"Since 2010 we, Penguen, have enabled Turkish employers and main contractors to be competitive by digitizing over 40 construction and engineering projects in 11 countries.","og_url":"https:\/\/www.penguen.ist\/en\/","og_site_name":"Penguen","article_publisher":"https:\/\/www.facebook.com\/penguenbilisimltd","article_modified_time":"2024-03-22T12:45:50+00:00","twitter_card":"summary_large_image","twitter_site":"@penguen_bilisim","twitter_misc":{"Est. reading time":"18 minutes"},"schema":{"@context":"https:\/\/schema.org","@graph":[{"@type":"WebPage","@id":"https:\/\/www.penguen.ist\/en\/","url":"https:\/\/www.penguen.ist\/en\/","name":"Penguen | Digital Transformation for Construction Projects","isPartOf":{"@id":"https:\/\/www.penguen.ist\/#website"},"datePublished":"2019-10-31T14:27:27+00:00","dateModified":"2024-03-22T12:45:50+00:00","description":"Since 2010 we, Penguen, have enabled Turkish employers and main contractors to be competitive by digitizing over 40 construction and engineering projects in 11 countries.","breadcrumb":{"@id":"https:\/\/www.penguen.ist\/en\/#breadcrumb"},"inLanguage":"en-US","potentialAction":[{"@type":"ReadAction","target":["https:\/\/www.penguen.ist\/en\/"]}]},{"@type":"BreadcrumbList","@id":"https:\/\/www.penguen.ist\/en\/#breadcrumb","itemListElement":[{"@type":"ListItem","position":1,"name":"Ana sayfa","item":"https:\/\/www.penguen.ist\/en\/"},{"@type":"ListItem","position":2,"name":"Home"}]},{"@type":"WebSite","@id":"https:\/\/www.penguen.ist\/#website","url":"https:\/\/www.penguen.ist\/","name":"Penguen","description":"Digital Transformation for Construction Projects","publisher":{"@id":"https:\/\/www.penguen.ist\/#organization"},"potentialAction":[{"@type":"SearchAction","target":{"@type":"EntryPoint","urlTemplate":"https:\/\/www.penguen.ist\/?s={search_term_string}"},"query-input":{"@type":"PropertyValueSpecification","valueRequired":true,"valueName":"search_term_string"}}],"inLanguage":"en-US"},{"@type":"Organization","@id":"https:\/\/www.penguen.ist\/#organization","name":"Penguen Bili\u015fim Dan\u0131\u015fmanl\u0131k","url":"https:\/\/www.penguen.ist\/","logo":{"@type":"ImageObject","inLanguage":"en-US","@id":"https:\/\/www.penguen.ist\/#\/schema\/logo\/image\/","url":"https:\/\/www.penguen.ist\/wp-content\/uploads\/2018\/12\/logodark.png","contentUrl":"https:\/\/www.penguen.ist\/wp-content\/uploads\/2018\/12\/logodark.png","width":500,"height":203,"caption":"Penguen Bili\u015fim Dan\u0131\u015fmanl\u0131k"},"image":{"@id":"https:\/\/www.penguen.ist\/#\/schema\/logo\/image\/"},"sameAs":["https:\/\/www.facebook.com\/penguenbilisimltd","https:\/\/x.com\/penguen_bilisim","https:\/\/www.instagram.com\/penguenbilisim\/","https:\/\/www.linkedin.com\/company\/penguenbilisim","https:\/\/www.youtube.com\/channel\/UCvnapIYjbFzmqX209Xaujlg"]}]}},"_links":{"self":[{"href":"https:\/\/www.penguen.ist\/en\/wp-json\/wp\/v2\/pages\/3810"}],"collection":[{"href":"https:\/\/www.penguen.ist\/en\/wp-json\/wp\/v2\/pages"}],"about":[{"href":"https:\/\/www.penguen.ist\/en\/wp-json\/wp\/v2\/types\/page"}],"author":[{"embeddable":true,"href":"https:\/\/www.penguen.ist\/en\/wp-json\/wp\/v2\/users\/1"}],"replies":[{"embeddable":true,"href":"https:\/\/www.penguen.ist\/en\/wp-json\/wp\/v2\/comments?post=3810"}],"version-history":[{"count":21,"href":"https:\/\/www.penguen.ist\/en\/wp-json\/wp\/v2\/pages\/3810\/revisions"}],"predecessor-version":[{"id":4135,"href":"https:\/\/www.penguen.ist\/en\/wp-json\/wp\/v2\/pages\/3810\/revisions\/4135"}],"wp:attachment":[{"href":"https:\/\/www.penguen.ist\/en\/wp-json\/wp\/v2\/media?parent=3810"}],"curies":[{"name":"wp","href":"https:\/\/api.w.org\/{rel}","templated":true}]}}