{"id":3750,"date":"2019-10-30T12:41:37","date_gmt":"2019-10-30T09:41:37","guid":{"rendered":"https:\/\/staging.penguen.ist\/projects\/"},"modified":"2019-10-31T17:09:41","modified_gmt":"2019-10-31T14:09:41","slug":"projects","status":"publish","type":"page","link":"https:\/\/www.penguen.ist\/en\/projects\/","title":{"rendered":"Projects"},"content":{"rendered":"\n\n\n<\/p>\n\n\n\n\n\n\n\n\n","protected":false},"excerpt":{"rendered":"","protected":false},"author":1,"featured_media":0,"parent":0,"menu_order":0,"comment_status":"closed","ping_status":"closed","template":"","meta":{"footnotes":""},"yoast_head":"<!-- This site is optimized with the Yoast SEO plugin v23.5 - https:\/\/yoast.com\/wordpress\/plugins\/seo\/ -->\n<title>Penguen | Projects | Some of our Success Stories<\/title>\n<meta name=\"description\" content=\"Since 2010 we, Penguen, have enabled Turkish employers and main contractors to be competitive by digitizing over 40 construction and engineering projects in 11 countries.\" \/>\n<meta name=\"robots\" content=\"index, follow, max-snippet:-1, max-image-preview:large, max-video-preview:-1\" \/>\n<link rel=\"canonical\" href=\"https:\/\/www.penguen.ist\/en\/projects\/\" \/>\n<meta property=\"og:locale\" content=\"en_US\" \/>\n<meta property=\"og:type\" content=\"article\" \/>\n<meta property=\"og:title\" content=\"Penguen | Projects | Some of our Success Stories\" \/>\n<meta property=\"og:description\" content=\"Since 2010 we, Penguen, have enabled Turkish employers and main contractors to be competitive by digitizing over 40 construction and engineering projects in 11 countries.\" \/>\n<meta property=\"og:url\" content=\"https:\/\/www.penguen.ist\/en\/projects\/\" \/>\n<meta property=\"og:site_name\" content=\"Penguen\" \/>\n<meta property=\"article:publisher\" content=\"https:\/\/www.facebook.com\/penguenbilisimltd\" \/>\n<meta property=\"article:modified_time\" content=\"2019-10-31T14:09:41+00:00\" \/>\n<meta property=\"og:image\" content=\"https:\/\/www.penguen.ist\/wp-content\/uploads\/2019\/01\/1915CanakkaleKoprusu.jpeg\" \/>\n<meta name=\"twitter:card\" content=\"summary_large_image\" \/>\n<meta name=\"twitter:site\" content=\"@penguen_bilisim\" \/>\n<meta name=\"twitter:label1\" content=\"Est. reading time\" \/>\n\t<meta name=\"twitter:data1\" content=\"23 minutes\" \/>\n<script type=\"application\/ld+json\" class=\"yoast-schema-graph\">{\"@context\":\"https:\/\/schema.org\",\"@graph\":[{\"@type\":\"WebPage\",\"@id\":\"https:\/\/www.penguen.ist\/en\/projects\/\",\"url\":\"https:\/\/www.penguen.ist\/en\/projects\/\",\"name\":\"Penguen | Projects | Some of our Success Stories\",\"isPartOf\":{\"@id\":\"https:\/\/www.penguen.ist\/#website\"},\"primaryImageOfPage\":{\"@id\":\"https:\/\/www.penguen.ist\/en\/projects\/#primaryimage\"},\"image\":{\"@id\":\"https:\/\/www.penguen.ist\/en\/projects\/#primaryimage\"},\"thumbnailUrl\":\"https:\/\/www.penguen.ist\/wp-content\/uploads\/2019\/01\/1915CanakkaleKoprusu.jpeg\",\"datePublished\":\"2019-10-30T09:41:37+00:00\",\"dateModified\":\"2019-10-31T14:09:41+00:00\",\"description\":\"Since 2010 we, Penguen, have enabled Turkish employers and main contractors to be competitive by digitizing over 40 construction and engineering projects in 11 countries.\",\"breadcrumb\":{\"@id\":\"https:\/\/www.penguen.ist\/en\/projects\/#breadcrumb\"},\"inLanguage\":\"en-US\",\"potentialAction\":[{\"@type\":\"ReadAction\",\"target\":[\"https:\/\/www.penguen.ist\/en\/projects\/\"]}]},{\"@type\":\"ImageObject\",\"inLanguage\":\"en-US\",\"@id\":\"https:\/\/www.penguen.ist\/en\/projects\/#primaryimage\",\"url\":\"https:\/\/www.penguen.ist\/wp-content\/uploads\/2019\/01\/1915CanakkaleKoprusu.jpeg\",\"contentUrl\":\"https:\/\/www.penguen.ist\/wp-content\/uploads\/2019\/01\/1915CanakkaleKoprusu.jpeg\"},{\"@type\":\"BreadcrumbList\",\"@id\":\"https:\/\/www.penguen.ist\/en\/projects\/#breadcrumb\",\"itemListElement\":[{\"@type\":\"ListItem\",\"position\":1,\"name\":\"Ana sayfa\",\"item\":\"https:\/\/www.penguen.ist\/en\/\"},{\"@type\":\"ListItem\",\"position\":2,\"name\":\"Projects\"}]},{\"@type\":\"WebSite\",\"@id\":\"https:\/\/www.penguen.ist\/#website\",\"url\":\"https:\/\/www.penguen.ist\/\",\"name\":\"Penguen\",\"description\":\"Digital Transformation for Construction Projects\",\"publisher\":{\"@id\":\"https:\/\/www.penguen.ist\/#organization\"},\"potentialAction\":[{\"@type\":\"SearchAction\",\"target\":{\"@type\":\"EntryPoint\",\"urlTemplate\":\"https:\/\/www.penguen.ist\/?s={search_term_string}\"},\"query-input\":{\"@type\":\"PropertyValueSpecification\",\"valueRequired\":true,\"valueName\":\"search_term_string\"}}],\"inLanguage\":\"en-US\"},{\"@type\":\"Organization\",\"@id\":\"https:\/\/www.penguen.ist\/#organization\",\"name\":\"Penguen Bili\u015fim Dan\u0131\u015fmanl\u0131k\",\"url\":\"https:\/\/www.penguen.ist\/\",\"logo\":{\"@type\":\"ImageObject\",\"inLanguage\":\"en-US\",\"@id\":\"https:\/\/www.penguen.ist\/#\/schema\/logo\/image\/\",\"url\":\"https:\/\/www.penguen.ist\/wp-content\/uploads\/2018\/12\/logodark.png\",\"contentUrl\":\"https:\/\/www.penguen.ist\/wp-content\/uploads\/2018\/12\/logodark.png\",\"width\":500,\"height\":203,\"caption\":\"Penguen Bili\u015fim Dan\u0131\u015fmanl\u0131k\"},\"image\":{\"@id\":\"https:\/\/www.penguen.ist\/#\/schema\/logo\/image\/\"},\"sameAs\":[\"https:\/\/www.facebook.com\/penguenbilisimltd\",\"https:\/\/x.com\/penguen_bilisim\",\"https:\/\/www.instagram.com\/penguenbilisim\/\",\"https:\/\/www.linkedin.com\/company\/penguenbilisim\",\"https:\/\/www.youtube.com\/channel\/UCvnapIYjbFzmqX209Xaujlg\"]}]}<\/script>\n<!-- \/ Yoast SEO plugin. -->","yoast_head_json":{"title":"Penguen | Projects | Some of our Success Stories","description":"Since 2010 we, Penguen, have enabled Turkish employers and main contractors to be competitive by digitizing over 40 construction and engineering projects in 11 countries.","robots":{"index":"index","follow":"follow","max-snippet":"max-snippet:-1","max-image-preview":"max-image-preview:large","max-video-preview":"max-video-preview:-1"},"canonical":"https:\/\/www.penguen.ist\/en\/projects\/","og_locale":"en_US","og_type":"article","og_title":"Penguen | Projects | Some of our Success Stories","og_description":"Since 2010 we, Penguen, have enabled Turkish employers and main contractors to be competitive by digitizing over 40 construction and engineering projects in 11 countries.","og_url":"https:\/\/www.penguen.ist\/en\/projects\/","og_site_name":"Penguen","article_publisher":"https:\/\/www.facebook.com\/penguenbilisimltd","article_modified_time":"2019-10-31T14:09:41+00:00","og_image":[{"url":"https:\/\/www.penguen.ist\/wp-content\/uploads\/2019\/01\/1915CanakkaleKoprusu.jpeg"}],"twitter_card":"summary_large_image","twitter_site":"@penguen_bilisim","twitter_misc":{"Est. reading time":"23 minutes"},"schema":{"@context":"https:\/\/schema.org","@graph":[{"@type":"WebPage","@id":"https:\/\/www.penguen.ist\/en\/projects\/","url":"https:\/\/www.penguen.ist\/en\/projects\/","name":"Penguen | Projects | Some of our Success Stories","isPartOf":{"@id":"https:\/\/www.penguen.ist\/#website"},"primaryImageOfPage":{"@id":"https:\/\/www.penguen.ist\/en\/projects\/#primaryimage"},"image":{"@id":"https:\/\/www.penguen.ist\/en\/projects\/#primaryimage"},"thumbnailUrl":"https:\/\/www.penguen.ist\/wp-content\/uploads\/2019\/01\/1915CanakkaleKoprusu.jpeg","datePublished":"2019-10-30T09:41:37+00:00","dateModified":"2019-10-31T14:09:41+00:00","description":"Since 2010 we, Penguen, have enabled Turkish employers and main contractors to be competitive by digitizing over 40 construction and engineering projects in 11 countries.","breadcrumb":{"@id":"https:\/\/www.penguen.ist\/en\/projects\/#breadcrumb"},"inLanguage":"en-US","potentialAction":[{"@type":"ReadAction","target":["https:\/\/www.penguen.ist\/en\/projects\/"]}]},{"@type":"ImageObject","inLanguage":"en-US","@id":"https:\/\/www.penguen.ist\/en\/projects\/#primaryimage","url":"https:\/\/www.penguen.ist\/wp-content\/uploads\/2019\/01\/1915CanakkaleKoprusu.jpeg","contentUrl":"https:\/\/www.penguen.ist\/wp-content\/uploads\/2019\/01\/1915CanakkaleKoprusu.jpeg"},{"@type":"BreadcrumbList","@id":"https:\/\/www.penguen.ist\/en\/projects\/#breadcrumb","itemListElement":[{"@type":"ListItem","position":1,"name":"Ana sayfa","item":"https:\/\/www.penguen.ist\/en\/"},{"@type":"ListItem","position":2,"name":"Projects"}]},{"@type":"WebSite","@id":"https:\/\/www.penguen.ist\/#website","url":"https:\/\/www.penguen.ist\/","name":"Penguen","description":"Digital Transformation for Construction Projects","publisher":{"@id":"https:\/\/www.penguen.ist\/#organization"},"potentialAction":[{"@type":"SearchAction","target":{"@type":"EntryPoint","urlTemplate":"https:\/\/www.penguen.ist\/?s={search_term_string}"},"query-input":{"@type":"PropertyValueSpecification","valueRequired":true,"valueName":"search_term_string"}}],"inLanguage":"en-US"},{"@type":"Organization","@id":"https:\/\/www.penguen.ist\/#organization","name":"Penguen Bili\u015fim Dan\u0131\u015fmanl\u0131k","url":"https:\/\/www.penguen.ist\/","logo":{"@type":"ImageObject","inLanguage":"en-US","@id":"https:\/\/www.penguen.ist\/#\/schema\/logo\/image\/","url":"https:\/\/www.penguen.ist\/wp-content\/uploads\/2018\/12\/logodark.png","contentUrl":"https:\/\/www.penguen.ist\/wp-content\/uploads\/2018\/12\/logodark.png","width":500,"height":203,"caption":"Penguen Bili\u015fim Dan\u0131\u015fmanl\u0131k"},"image":{"@id":"https:\/\/www.penguen.ist\/#\/schema\/logo\/image\/"},"sameAs":["https:\/\/www.facebook.com\/penguenbilisimltd","https:\/\/x.com\/penguen_bilisim","https:\/\/www.instagram.com\/penguenbilisim\/","https:\/\/www.linkedin.com\/company\/penguenbilisim","https:\/\/www.youtube.com\/channel\/UCvnapIYjbFzmqX209Xaujlg"]}]}},"_links":{"self":[{"href":"https:\/\/www.penguen.ist\/en\/wp-json\/wp\/v2\/pages\/3750"}],"collection":[{"href":"https:\/\/www.penguen.ist\/en\/wp-json\/wp\/v2\/pages"}],"about":[{"href":"https:\/\/www.penguen.ist\/en\/wp-json\/wp\/v2\/types\/page"}],"author":[{"embeddable":true,"href":"https:\/\/www.penguen.ist\/en\/wp-json\/wp\/v2\/users\/1"}],"replies":[{"embeddable":true,"href":"https:\/\/www.penguen.ist\/en\/wp-json\/wp\/v2\/comments?post=3750"}],"version-history":[{"count":0,"href":"https:\/\/www.penguen.ist\/en\/wp-json\/wp\/v2\/pages\/3750\/revisions"}],"wp:attachment":[{"href":"https:\/\/www.penguen.ist\/en\/wp-json\/wp\/v2\/media?parent=3750"}],"curies":[{"name":"wp","href":"https:\/\/api.w.org\/{rel}","templated":true}]}}